


{"id":839,"date":"2020-12-07T22:01:15","date_gmt":"2020-12-07T21:01:15","guid":{"rendered":"https:\/\/religionistika.upol.cz\/?page_id=839"},"modified":"2024-01-11T17:59:23","modified_gmt":"2024-01-11T16:59:23","slug":"temata-diplomovych-praci","status":"publish","type":"page","link":"https:\/\/religionistika.upol.cz\/eng\/temata-diplomovych-praci\/","title":{"rendered":"Master thesis topics"},"content":{"rendered":"<p>&nbsp;<\/p>\n<p><strong>The following suggestions can be used as inspiration:<\/strong><\/p>\n<p>Atheism and Czech Society<\/p>\n<p>Contemporary cognitive conceptions of rituals<\/p>\n<p>The pontificate of Pope Francis from the perspective of a selected religious group<\/p>\n<p>Field research on funeral religiosity<\/p>\n<p>Prosociality and Religious Behavior<\/p>\n<p>Religion and tourism in selected country or religion<\/p>\n<p>Contemporary forms of anticlericalism<\/p>\n<p>Attitudes towards Islam in Czech secular society<\/p>\n<p>Types of faithlessness among Czech youth<\/p>\n<p>Religious aspects in computer games<\/p>\n<p>&nbsp;<\/p>\n<p>&nbsp;<\/p>","protected":false},"excerpt":{"rendered":"<p>&nbsp; N\u00e1sleduj\u00edc\u00ed n\u00e1vrhy je mo\u017eno vyu\u017e\u00edt jako inspiraci: Ateizmus a \u010desk\u00e1 spole\u010dnost Sou\u010dasn\u00e1 kognitivn\u00ed pojet\u00ed ritu\u00e1l\u016f Pontifik\u00e1t Pape\u017ee Franti\u0161ka z\u00a0pohledu vybran\u00e9 n\u00e1bo\u017eensk\u00e9 skupiny V\u00fdzkum funer\u00e1ln\u00ed religiozity Prosocialita a n\u00e1bo\u017eensk\u00e9 chov\u00e1n\u00ed N\u00e1bo\u017eenstv\u00ed a turizmus v Polsku Sou\u010dasn\u00fd antiklerikalizmus Postoje k isl\u00e1mu v \u010desk\u00e9 sekul\u00e1rn\u00ed spole\u010dnosti Podoby bezv\u011brectv\u00ed u \u010desk\u00e9 ml\u00e1de\u017ee Religi\u00f3zn\u00ed aspekty v po\u010d\u00edta\u010dov\u00fdch hr\u00e1ch &nbsp; [&hellip;]<\/p>","protected":false},"author":3,"featured_media":0,"parent":0,"menu_order":0,"comment_status":"closed","ping_status":"closed","template":"template-full-width.php","meta":{"footnotes":""},"_links":{"self":[{"href":"https:\/\/religionistika.upol.cz\/eng\/wp-json\/wp\/v2\/pages\/839"}],"collection":[{"href":"https:\/\/religionistika.upol.cz\/eng\/wp-json\/wp\/v2\/pages"}],"about":[{"href":"https:\/\/religionistika.upol.cz\/eng\/wp-json\/wp\/v2\/types\/page"}],"author":[{"embeddable":true,"href":"https:\/\/religionistika.upol.cz\/eng\/wp-json\/wp\/v2\/users\/3"}],"replies":[{"embeddable":true,"href":"https:\/\/religionistika.upol.cz\/eng\/wp-json\/wp\/v2\/comments?post=839"}],"version-history":[{"count":6,"href":"https:\/\/religionistika.upol.cz\/eng\/wp-json\/wp\/v2\/pages\/839\/revisions"}],"predecessor-version":[{"id":929,"href":"https:\/\/religionistika.upol.cz\/eng\/wp-json\/wp\/v2\/pages\/839\/revisions\/929"}],"wp:attachment":[{"href":"https:\/\/religionistika.upol.cz\/eng\/wp-json\/wp\/v2\/media?parent=839"}],"curies":[{"name":"wp","href":"https:\/\/api.w.org\/{rel}","templated":true}]}}