


{"id":835,"date":"2020-12-07T21:59:57","date_gmt":"2020-12-07T20:59:57","guid":{"rendered":"https:\/\/religionistika.upol.cz\/?page_id=835"},"modified":"2024-01-11T17:59:19","modified_gmt":"2024-01-11T16:59:19","slug":"charakter-studia-2","status":"publish","type":"page","link":"https:\/\/religionistika.upol.cz\/eng\/charakter-studia-2\/","title":{"rendered":"For applicants"},"content":{"rendered":"<p><strong>The Master's degree in Religious Studies is a double major\/minor in full-time form.<\/strong><\/p>\n<p>In Olomouc, Religious Studies is studied as a double degree, i.e. in combination with various fields of study at the faculty. It is even possible to study it in combination with a subject offered by another faculty of the university. However, in view of the two-discipline concept, we recommend combining it either with a language or with cultural anthropology, sociology, philosophy, history, Judaic studies or according to one's own preferences. The study is supervised by Assoc. prof. Tom\u00e1\u0161 Bub\u00edk, PhD, who can be contacted with further questions. Contact: <strong>tomas.bubik@upol.cz<\/strong><\/p>\n<p><strong>Interesting information about the field can be found here: <a href=\"https:\/\/newstudujreligionistiku.upol.cz\/\">https:\/\/newstudujreligionistiku.upol.cz\/<\/a><\/strong><\/p>\n<p><strong>ELECTRONIC APPLICATION FOR STUDY: <a href=\"https:\/\/prihlaska.upol.cz\/prihlaska\/info.xhtml\">https:\/\/prihlaska.upol.cz\/prihlaska\/info.xhtml<\/a><\/strong><\/p>","protected":false},"excerpt":{"rendered":"<p>Magistersk\u00e9 studium religionistiky je dvouoborov\u00e9 maior \/ minor v prezen\u010dn\u00ed form\u011b. V Olomouci se studuje religionistika dvouoborov\u011b, tedy v kombinaci s r\u016fzn\u00fdmi obory na fakult\u011b. Dokonce je mo\u017en\u00e9 ji studovat i v kombinaci s oborem, kter\u00fd je nab\u00edzen jinou fakultou univerzity. S ohledem na dvouoborovou koncepci v\u0161ak doporu\u010dujeme kombinaci bu\u010f s n\u011bjak\u00fdm jazykem anebo s [&hellip;]<\/p>","protected":false},"author":3,"featured_media":0,"parent":0,"menu_order":0,"comment_status":"closed","ping_status":"closed","template":"template-full-width.php","meta":{"footnotes":""},"_links":{"self":[{"href":"https:\/\/religionistika.upol.cz\/eng\/wp-json\/wp\/v2\/pages\/835"}],"collection":[{"href":"https:\/\/religionistika.upol.cz\/eng\/wp-json\/wp\/v2\/pages"}],"about":[{"href":"https:\/\/religionistika.upol.cz\/eng\/wp-json\/wp\/v2\/types\/page"}],"author":[{"embeddable":true,"href":"https:\/\/religionistika.upol.cz\/eng\/wp-json\/wp\/v2\/users\/3"}],"replies":[{"embeddable":true,"href":"https:\/\/religionistika.upol.cz\/eng\/wp-json\/wp\/v2\/comments?post=835"}],"version-history":[{"count":16,"href":"https:\/\/religionistika.upol.cz\/eng\/wp-json\/wp\/v2\/pages\/835\/revisions"}],"predecessor-version":[{"id":1112,"href":"https:\/\/religionistika.upol.cz\/eng\/wp-json\/wp\/v2\/pages\/835\/revisions\/1112"}],"wp:attachment":[{"href":"https:\/\/religionistika.upol.cz\/eng\/wp-json\/wp\/v2\/media?parent=835"}],"curies":[{"name":"wp","href":"https:\/\/api.w.org\/{rel}","templated":true}]}}