


{"id":818,"date":"2020-07-04T15:25:50","date_gmt":"2020-07-04T13:25:50","guid":{"rendered":"https:\/\/religionistika.upol.cz\/?page_id=818"},"modified":"2024-01-12T11:15:21","modified_gmt":"2024-01-12T10:15:21","slug":"zahajeni-doktorskeho-studia-religionistiky","status":"publish","type":"page","link":"https:\/\/religionistika.upol.cz\/eng\/zahajeni-doktorskeho-studia-religionistiky\/","title":{"rendered":"Christmas party"},"content":{"rendered":"<p>On Thursday, December 7, at 5 p.m., a Christmas party will take place in the Cognitive Laboratory CO-LAB (3rd floor of the building, Svobody 26), to which all students of religious studies, i.e. bachelor's, master's and doctoral students, are cordially invited, and of course also our supporters and guests.<\/p>\n<p>Please bring something good to eat and drink to the party (preferably homemade products), and one piece of non-traditional clothing as a sign of recognition.<\/p>\n<p>Last year's party was very successful, so hopefully this year will be similar!<\/p>\n<p>&nbsp;<\/p>\n<p>&nbsp;<\/p>\n<p>&nbsp;<\/p>","protected":false},"excerpt":{"rendered":"<p>Ve \u010dtvrtek dne 7. prosince od 17 hodin prob\u011bhne v prostor\u00e1ch kognitivn\u00ed laborato\u0159e CO-LAB (3. patro budovy, t\u0159. Svobody 26) v\u00e1no\u010dn\u00ed ve\u010d\u00edrek, na kter\u00fd jsou jsou srde\u010dn\u011b zv\u00e1ni v\u0161ichni studenti religionistiky, tedy bakal\u00e1\u0159sk\u00e9ho, magistersk\u00e9ho i doktorsk\u00e9ho studia, a samoz\u0159ejm\u011b tak\u00e9 na\u0161i p\u0159\u00edznivci jako host\u00e9. Na ve\u010d\u00edrek p\u0159ineste pros\u00edm n\u011bco dobr\u00e9ho k j\u00eddlu a pit\u00ed (nejl\u00e9pe [&hellip;]<\/p>","protected":false},"author":3,"featured_media":0,"parent":0,"menu_order":0,"comment_status":"closed","ping_status":"closed","template":"template-full-width.php","meta":{"footnotes":""},"_links":{"self":[{"href":"https:\/\/religionistika.upol.cz\/eng\/wp-json\/wp\/v2\/pages\/818"}],"collection":[{"href":"https:\/\/religionistika.upol.cz\/eng\/wp-json\/wp\/v2\/pages"}],"about":[{"href":"https:\/\/religionistika.upol.cz\/eng\/wp-json\/wp\/v2\/types\/page"}],"author":[{"embeddable":true,"href":"https:\/\/religionistika.upol.cz\/eng\/wp-json\/wp\/v2\/users\/3"}],"replies":[{"embeddable":true,"href":"https:\/\/religionistika.upol.cz\/eng\/wp-json\/wp\/v2\/comments?post=818"}],"version-history":[{"count":6,"href":"https:\/\/religionistika.upol.cz\/eng\/wp-json\/wp\/v2\/pages\/818\/revisions"}],"predecessor-version":[{"id":1151,"href":"https:\/\/religionistika.upol.cz\/eng\/wp-json\/wp\/v2\/pages\/818\/revisions\/1151"}],"wp:attachment":[{"href":"https:\/\/religionistika.upol.cz\/eng\/wp-json\/wp\/v2\/media?parent=818"}],"curies":[{"name":"wp","href":"https:\/\/api.w.org\/{rel}","templated":true}]}}