


{"id":814,"date":"2020-07-04T15:23:34","date_gmt":"2020-07-04T13:23:34","guid":{"rendered":"https:\/\/religionistika.upol.cz\/?page_id=814"},"modified":"2023-11-13T17:52:06","modified_gmt":"2023-11-13T16:52:06","slug":"doktorske-studium-religionistiky","status":"publish","type":"page","link":"https:\/\/religionistika.upol.cz\/eng\/doktorske-studium-religionistiky\/","title":{"rendered":"Doktorsk\u00e9 studium religionistiky"},"content":{"rendered":"<p><strong>Doktorsk\u00e9 studium religionistiky je \u010dty\u0159let\u00e9 v\u00a0prezen\u010dn\u00ed i\u00a0kombinovan\u00e9 form\u011b.<\/strong><\/p>\n<p>Garantem studia je doc. Mgr. Tom\u00e1\u0161 Bub\u00edk, Ph.D., na kter\u00e9ho se m\u016f\u017eete obracet s\u00a0bli\u017e\u0161\u00edmi dotazy. Kontakt: <strong>tomas.bubik@upol.cz <\/strong><\/p>\n<p>Zaj\u00edmav\u00e9 informace o povaze doktorsk\u00e9ho studia naleznete zde: <a href=\"https:\/\/newstudujreligionistiku.upol.cz\/phd\/\"><strong>https:\/\/newstudujreligionistiku.upol.cz\/phd\/<\/strong><\/a><\/p>\n<p>&nbsp;<\/p>\n<p><strong>Studies<br \/>\n<\/strong><\/p>\n<p>Doktorsk\u00fd studijn\u00ed program Religionistika je zam\u011b\u0159en na rozvoj akademick\u00e9ho studia n\u00e1bo\u017eenstv\u00ed. Jeho c\u00edlem je rozvoj odborn\u00fdch dovednost\u00ed v teoretick\u00e9 a metodologick\u00e9 oblasti, je\u017e maj\u00ed za c\u00edl v\u011bdeck\u00e9 vysv\u011btlen\u00ed n\u00e1bo\u017eensk\u00e9ho my\u0161len\u00ed a chov\u00e1n\u00ed ve v\u0161ech jeho form\u00e1ch.<\/p>\n<p>Obsah studia je koncipov\u00e1n tak, aby odpov\u00eddal sou\u010dasn\u00fdm znalostn\u00edm pot\u0159eb\u00e1m a technologick\u00e9mu rozvoji ve v\u011bdeck\u00e9m v\u00fdzkumu. Metodologick\u00fd a teoretick\u00fd d\u016fraz je kladen na t\u0159i z\u00e1kladn\u00ed oblasti, kter\u00e9 koresponduj\u00ed se siln\u00fdmi str\u00e1nkami na\u0161\u00ed katedry. Jedn\u00e1 se o rozvoj kognitivn\u00edho v\u011bdy o n\u00e1bo\u017eenstv\u00ed, sociologie n\u00e1bo\u017eenstv\u00ed a antropologie n\u00e1bo\u017eenstv\u00ed. Pr\u00e1v\u011b tyto t\u0159i p\u0159\u00edstupy pova\u017eujeme v r\u00e1mci DSP za kl\u00ed\u010dov\u00e9.<\/p>\n<p>C\u00edlem je vychov\u00e1vat odborn\u00edky pro v\u00fdzkumn\u00e9 a v\u00fdzkumn\u011b-vzd\u011bl\u00e1vac\u00ed instituce, a to na srovnateln\u00e9 \u00farovni s doktorsk\u00fdmi studijn\u00edmi programy v zahrani\u010d\u00ed. T\u00e9to konkurenceschopnosti bude dosa\u017eeno zejm\u00e9na d\u00edky sklouben\u00ed humanitn\u011b v\u011bdn\u00e9ho v\u00fdzkumu s experiment\u00e1ln\u00edm v\u00fdzkumem, tj. pou\u017e\u00edv\u00e1n\u00edm nejmodern\u011bj\u0161\u00edch technologi\u00ed (Eye-tracking, Motion Capture System, Virtuln\u00ed realita v kombinaci s eye-tracking technologi\u00ed, Elektroencefalografie) ve v\u00fduce i v\u00fdzkumn\u00e9 \u010dinnosti, a tak\u00e9 d\u00edky t\u00fdmov\u00e9mu zp\u016fsobu v\u011bdeck\u00e9 pr\u00e1ce.<\/p>\n<p>Kreditn\u00ed syst\u00e9m je v celkov\u00e9m rozsahu 240 kredit\u016f a zahrnuje povinn\u00e9, povinn\u011b voliteln\u00e9 a voliteln\u00e9 p\u0159edm\u011bty, co\u017e mu otev\u00edr\u00e1 mo\u017enosti pro \u0161ir\u0161\u00ed interdisciplin\u00e1rn\u00ed uchopen\u00ed zkouman\u00e9 problematiky.<\/p>\n<p>&nbsp;<\/p>\n<p>&nbsp;<\/p>\n<p><strong>Profil absolventa<\/strong><\/p>\n<p>Absolvent studijn\u00edho programu z\u00edsk\u00e1 systematick\u00e9 znalosti z\u00a0teorie a\u00a0metodologie religionistiky, v\u010detn\u011b dovednosti jejich aplikace na zkoumanou oblast b\u00e1d\u00e1n\u00ed. D\u00e1le si osvoj\u00ed jak vysoce specializovan\u00e9 znalosti z\u00a0oblasti d\u011bjin n\u00e1bo\u017eenstv\u00ed (na z\u00e1klad\u011b studia prim\u00e1rn\u00edch i\u00a0sekund\u00e1rn\u00edch pramen\u016f), tak i\u00a0aktu\u00e1ln\u00ed poznatky o\u00a0v\u00fdzkumu sou\u010dasn\u00e9 religiozity. Tyto znalostn\u00ed kompetence budou rozvinuty na z\u00e1klad\u011b d\u016frazu na kvalitativn\u00ed, kvantitativn\u00ed a\u00a0experiment\u00e1ln\u00ed (laboratorn\u00ed i\u00a0ter\u00e9nn\u00ed) v\u00fdzkum n\u00e1bo\u017eensk\u00fdch jev\u016f. Absolvent ovl\u00e1dne z\u00e1sady v\u011bdeck\u00e9 pr\u00e1ce v\u00a0kl\u00ed\u010dov\u00fdch religionistick\u00fdch discipl\u00edn\u00e1ch, z\u00edsk\u00e1 dovednost t\u00fdmov\u00e9 spolupr\u00e1ce a schopnost pou\u017e\u00edvat modern\u00ed technologie ve v\u00fdzkumu. Sou\u010d\u00e1st\u00ed odborn\u00fdch kompetenc\u00ed absolventa je tak\u00e9 dovednost ps\u00e1t odborn\u00e9 texty dle platn\u00fdch standard\u016f publikov\u00e1n\u00ed \u2013 recenze, v\u00fdzkumn\u00e9 zpr\u00e1vy, \u010dasopiseck\u00e9 studie, monografie \u010di\u00a0kapitoly v\u00a0monografi\u00edch a prezentovat je odborn\u00e9 ve\u0159ejnosti na konferenc\u00edch.<\/p>\n<p>&nbsp;<\/p>\n<p><strong>Podm\u00ednky k\u00a0p\u0159ijet\u00ed do studia<\/strong><\/p>\n<p>Podm\u00ednkou pro p\u0159ijet\u00ed do doktorsk\u00e9ho studia programu religionistika je dosa\u017een\u00ed magistersk\u00e9ho vysoko\u0161kolsk\u00e9ho vzd\u011bl\u00e1n\u00ed v\u00a0oboru religionistika anebo v\u00a0oboru p\u0159\u00edbuzn\u00e9m.<\/p>\n<p>Sou\u010d\u00e1st\u00ed p\u0159\u00edj\u00edmac\u00edho \u0159\u00edzen\u00ed je p\u0159ij\u00edmac\u00ed zkou\u0161ka, kter\u00e1 prob\u011bhne \u00fastn\u00ed formou. Jej\u00edm t\u011b\u017ei\u0161t\u011bm je diskuse o\u00a0povaze v\u00fdzkumn\u00e9ho projektu dizerta\u010dn\u00ed pr\u00e1ce. Minim\u00e1ln\u00ed rozsah projektu, kter\u00fd je sou\u010d\u00e1st\u00ed p\u0159ihl\u00e1\u0161ky, je 5 normostran (v\u010detn\u011b bibliografie).\u00a0 Projekt mus\u00ed obsahovat v\u00fdzkumnou ot\u00e1zku, c\u00edl pr\u00e1ce, stav v\u00fdzkumu b\u00e1dan\u00e9 problematiky,\u00a0 navr\u017eenou metodologii v\u00fdzkumu a\u00a0bibliografii k\u00a0t\u00e9matu.<\/p>\n<p>Preferov\u00e1ny jsou projekty z\u00a0n\u00e1sleduj\u00edc\u00edch religionistick\u00fdch subdiscipl\u00edn: d\u011bjiny n\u00e1bo\u017eenstv\u00ed, kognitivn\u00ed v\u011bda o n\u00e1bo\u017eenstv\u00ed, sociologie n\u00e1bo\u017eenstv\u00ed a\u00a0antropologie n\u00e1bo\u017eenstv\u00ed.<\/p>\n<p>Uchaze\u010d mus\u00ed dolo\u017eit znalost alespo\u0148 jednoho sv\u011btov\u00e9ho ciz\u00edho jazyka. V\u00a0p\u0159\u00edpad\u011b, \u017ee to vy\u017eaduje povaha dizerta\u010dn\u00ed pr\u00e1ce, tak i\u00a0jazyka pramenn\u00e9ho. Od uchaze\u010de se o\u010dek\u00e1v\u00e1, \u017ee bude schopen p\u0159edstavit pl\u00e1novan\u00fd v\u00fdzkumn\u00fd z\u00e1m\u011br a\u00a0adekv\u00e1tn\u011b reagovat na ot\u00e1zky komise.<\/p>\n<p>Uchaze\u010d dolo\u017e\u00ed dosavadn\u00ed v\u00fdsledky v\u011bdecko-vzd\u011bl\u00e1vac\u00ed \u010dinnosti, jako jsou nap\u0159.\u00a0publikace, p\u0159edn\u00e1\u0161ky, odborn\u00e9 st\u00e1\u017ee \u010di\u00a0stipendijn\u00ed pobyty, konferen\u010dn\u00ed vystoupen\u00ed, zapojen\u00ed do grantov\u00e9 \u010dinnosti, apod.<\/p>\n<p>Uchaze\u010d bude navr\u017een k\u00a0p\u0159ijet\u00ed d\u011bkanovi na z\u00e1klad\u011b ohodnocen\u00ed v\u00fd\u0161e uveden\u00fdch dokument\u016f<br \/>\na\u00a0v\u00fdsledk\u016f kladn\u00e9ho hodnocen\u00ed \u00fastn\u00edho zkou\u0161ky komis\u00ed pro p\u0159ij\u00edmac\u00ed \u0159\u00edzen\u00ed a\u00a0oborovou radou.<\/p>\n<p>Pravidla pro p\u0159ij\u00edmac\u00ed \u0159\u00edzen\u00ed do doktorsk\u00e9ho studia upravuje <a href=\"https:\/\/files.upol.cz\/sites%2Fpub%2FPubNormy%2FHNB1-17-2-v.r.pdf\">\u0158\u00e1d p\u0159ij\u00edmac\u00edho \u0159\u00edzen\u00ed UP<\/a>.<\/p>\n<p>&nbsp;<\/p>\n<p><strong>Z\u00e1kladn\u00ed struktura studia<\/strong><\/p>\n<p>V souladu s\u00a0celofakultn\u00edm syst\u00e9mem doktorsk\u00fdch studijn\u00edch program\u016f je studium rozd\u011bleno do p\u011bti modul\u016f:<\/p>\n<ul>\n<li>V\u011bdecko-v\u00fdzkumn\u00fd modul<\/li>\n<li>Modul oborov\u00e9 specializace<\/li>\n<li>Modul tzv.\u00a0soft skills<\/li>\n<li>Pedagogick\u00fd modul<\/li>\n<li>Dizerta\u010dn\u00ed modul<\/li>\n<\/ul>\n<p>Pro ka\u017ed\u00fd z\u00a0modul\u016f je p\u0159edeps\u00e1n minim\u00e1ln\u00ed po\u010det kredit\u016f, kter\u00e9 musej\u00ed studuj\u00edc\u00ed prezen\u010dn\u00edho\/kombinovan\u00e9ho studia z\u00edskat. Studuj\u00edc\u00ed jsou povinni obdr\u017eet v\u00a0ka\u017ed\u00e9m akademick\u00e9m roce studia alespo\u0148 40 kredit\u016f, anebo takov\u00fd po\u010det kredit\u016f, aby jejich sou\u010det spolu s\u00a0po\u010dtem kredit\u016f z\u00edskan\u00fdch v\u00a0p\u0159edchoz\u00edm akademick\u00e9m roce \u010dinil alespo\u0148 80 kredit\u016f. To neplat\u00ed pro posledn\u00ed akademick\u00fd rok standardn\u00ed doby studia.<\/p>\n<p>Studuj\u00edc\u00ed musej\u00ed dos\u00e1hnout celkov\u00e9ho po\u010dtu 240 kredit\u016f \u2013 spln\u011bn\u00ed tohoto po\u017eadavku je nezbytnou podm\u00ednkou p\u0159istoupen\u00ed ke st\u00e1tn\u00ed doktorsk\u00e9 zkou\u0161ce.<\/p>\n<p>Na za\u010d\u00e1tku 1.\u00a0ro\u010dn\u00edku studuj\u00edc\u00ed sestav\u00ed spolu se \u0161kolitelem\/\u0161kolitelkou individu\u00e1ln\u00ed pl\u00e1n pro absolvov\u00e1n\u00ed jednotliv\u00fdch p\u0159edm\u011bt\u016f v\u00a0prvn\u00edm akademick\u00e9m roce, tak ur\u010d\u00ed r\u00e1mcovou n\u00e1pl\u0148 studia na cel\u00e9 \u010dty\u0159i roky.<\/p>\n<p>Studijn\u00ed program pou\u017e\u00edv\u00e1 kreditn\u00ed syst\u00e9m ECTS.<\/p>\n<p>Podrobn\u00e1 pravidla pro studium v\u00a0DSP a\u00a0pr\u00e1ci s\u00a0IS\/STAG obsahuje <a href=\"https:\/\/files.upol.cz\/sites%2Fpub%2FPubNormy%2FA-10-2011-%C3%9AZ04.pdf\">Studijn\u00ed a\u00a0zku\u0161ebn\u00ed \u0159\u00e1d UP <\/a>a Vnit\u0159n\u00ed norma FF UP k\u00a0proveden\u00ed Studijn\u00edho a\u00a0zku\u0161ebn\u00edho \u0159\u00e1du UP.<\/p>","protected":false},"excerpt":{"rendered":"<p>Doktorsk\u00e9 studium religionistiky je \u010dty\u0159let\u00e9 v\u00a0prezen\u010dn\u00ed i\u00a0kombinovan\u00e9 form\u011b. Garantem studia je doc. Mgr. Tom\u00e1\u0161 Bub\u00edk, Ph.D., na kter\u00e9ho se m\u016f\u017eete obracet s\u00a0bli\u017e\u0161\u00edmi dotazy. Kontakt: tomas.bubik@upol.cz Zaj\u00edmav\u00e9 informace o povaze doktorsk\u00e9ho studia naleznete zde: https:\/\/newstudujreligionistiku.upol.cz\/phd\/ &nbsp; Studium Doktorsk\u00fd studijn\u00ed program Religionistika je zam\u011b\u0159en na rozvoj akademick\u00e9ho studia n\u00e1bo\u017eenstv\u00ed. Jeho c\u00edlem je rozvoj odborn\u00fdch dovednost\u00ed v teoretick\u00e9 [&hellip;]<\/p>","protected":false},"author":3,"featured_media":0,"parent":0,"menu_order":0,"comment_status":"closed","ping_status":"closed","template":"","meta":{"footnotes":""},"_links":{"self":[{"href":"https:\/\/religionistika.upol.cz\/eng\/wp-json\/wp\/v2\/pages\/814"}],"collection":[{"href":"https:\/\/religionistika.upol.cz\/eng\/wp-json\/wp\/v2\/pages"}],"about":[{"href":"https:\/\/religionistika.upol.cz\/eng\/wp-json\/wp\/v2\/types\/page"}],"author":[{"embeddable":true,"href":"https:\/\/religionistika.upol.cz\/eng\/wp-json\/wp\/v2\/users\/3"}],"replies":[{"embeddable":true,"href":"https:\/\/religionistika.upol.cz\/eng\/wp-json\/wp\/v2\/comments?post=814"}],"version-history":[{"count":7,"href":"https:\/\/religionistika.upol.cz\/eng\/wp-json\/wp\/v2\/pages\/814\/revisions"}],"predecessor-version":[{"id":922,"href":"https:\/\/religionistika.upol.cz\/eng\/wp-json\/wp\/v2\/pages\/814\/revisions\/922"}],"wp:attachment":[{"href":"https:\/\/religionistika.upol.cz\/eng\/wp-json\/wp\/v2\/media?parent=814"}],"curies":[{"name":"wp","href":"https:\/\/api.w.org\/{rel}","templated":true}]}}