


{"id":56,"date":"2017-11-06T13:54:04","date_gmt":"2017-11-06T12:54:04","guid":{"rendered":"http:\/\/religionistika.kochchy.cz\/?page_id=56"},"modified":"2024-01-11T18:35:37","modified_gmt":"2024-01-11T17:35:37","slug":"kontakt","status":"publish","type":"page","link":"https:\/\/religionistika.upol.cz\/eng\/kontakt\/","title":{"rendered":"Contact"},"content":{"rendered":"<p><strong>Secretariat of the Department: <\/strong>Bc. Lucie Podstatov\u00e1; tel: 585 633 499; <strong><a href=\"mailto:lucie.podstatova@upol.cz\">lucie.podstatova@upol.cz<\/a><\/strong><\/p>\n<p><strong>Postal address:<\/strong><\/p>\n<p>Department of Sociology, Andragogy and Cultural Anthropology<\/p>\n<p>Cognitive Laboratory CO-LAB, 3rd floor, office 3.61<\/p>\n<p>Palack\u00fd University Olomouc<\/p>\n<p>t\u0159. Svobody 26<\/p>\n<p>779 00, Olomouc<\/p>\n<p>Czechia<\/p>\n<hr \/>\n<p>________________________________________________________________________________________________________________<\/p>\n<p><!--more--><\/p>\n<p><iframe loading=\"lazy\" src=\"https:\/\/maps.google.com\/maps?f=q&amp;source=s_q&amp;hl=cs&amp;geocode=&amp;q=t%C5%99.+Svobody+26,+Olomouc,+%C4%8Cesk%C3%A1+republika&amp;aq=0&amp;oq=t%C5%99.+Svobody+26,+Olomouc,+%C4%8Cesk%C3%A1+republika&amp;sll=37.0625,-95.677068&amp;sspn=59.119059,135.263672&amp;ie=UTF8&amp;hq=&amp;hnear=t%C5%99%C3%ADda+Svobody+686%2F26,+779+00+Olomouc,+%C4%8Cesk%C3%A1+republika&amp;t=m&amp;z=14&amp;ll=49.590329,17.251365&amp;output=embed\" width=\"100%\" height=\"350\" frameborder=\"0\" marginwidth=\"0\" marginheight=\"0\" scrolling=\"no\"><\/iframe><\/p>","protected":false},"excerpt":{"rendered":"<p>Sekretari\u00e1t katedry: Bc. Lucie Podstatov\u00e1; tel: 585 633 499; lucie.podstatova@upol.cz Po\u0161tovn\u00ed adresa: Katedra sociologie,\u00a0andragogiky a kulturn\u00ed antropologie Kognitivn\u00ed laborato\u0159 CO-LAB, 3. patro, dve\u0159e 3.61 Univerzita Palack\u00e9ho v Olomouci t\u0159. Svobody 26 779 00, Olomouc \u010cesko ________________________________________________________________________________________________________________<\/p>","protected":false},"author":3,"featured_media":0,"parent":0,"menu_order":0,"comment_status":"closed","ping_status":"closed","template":"template-full-width.php","meta":{"footnotes":""},"_links":{"self":[{"href":"https:\/\/religionistika.upol.cz\/eng\/wp-json\/wp\/v2\/pages\/56"}],"collection":[{"href":"https:\/\/religionistika.upol.cz\/eng\/wp-json\/wp\/v2\/pages"}],"about":[{"href":"https:\/\/religionistika.upol.cz\/eng\/wp-json\/wp\/v2\/types\/page"}],"author":[{"embeddable":true,"href":"https:\/\/religionistika.upol.cz\/eng\/wp-json\/wp\/v2\/users\/3"}],"replies":[{"embeddable":true,"href":"https:\/\/religionistika.upol.cz\/eng\/wp-json\/wp\/v2\/comments?post=56"}],"version-history":[{"count":29,"href":"https:\/\/religionistika.upol.cz\/eng\/wp-json\/wp\/v2\/pages\/56\/revisions"}],"predecessor-version":[{"id":1122,"href":"https:\/\/religionistika.upol.cz\/eng\/wp-json\/wp\/v2\/pages\/56\/revisions\/1122"}],"wp:attachment":[{"href":"https:\/\/religionistika.upol.cz\/eng\/wp-json\/wp\/v2\/media?parent=56"}],"curies":[{"name":"wp","href":"https:\/\/api.w.org\/{rel}","templated":true}]}}