


{"id":548,"date":"2018-01-31T11:58:08","date_gmt":"2018-01-31T10:58:08","guid":{"rendered":"http:\/\/religionistika.kochchy.cz\/?page_id=548"},"modified":"2024-01-11T12:14:44","modified_gmt":"2024-01-11T11:14:44","slug":"temata-bakalarskych-praci","status":"publish","type":"page","link":"https:\/\/religionistika.upol.cz\/eng\/temata-bakalarskych-praci\/","title":{"rendered":"Bachelor's thesis subjects"},"content":{"rendered":"<p><strong>The following topics can be used for inspiration:<\/strong><\/p>\n<ul>\n<li>Religiosity of contemporary Ukrainian immigrants in a selected locality of the Czech Republic<\/li>\n<li>Cognitive research on religious ideas of the young generation<\/li>\n<li>Religion in museum<\/li>\n<li>The nature of religious pilgrimages and pilgrimage today: the Olomouc Holy Hill<\/li>\n<li>Islam and Muslims in primary school textbooks after 1990<\/li>\n<li>Cognitive research on ritualized behaviour in non-believers<\/li>\n<li>Christianity in the Czech media<\/li>\n<li>Life of a selected catholic parish of the Olomouc archdiocese in the communist period<\/li>\n<li>Research on Czech religiosity in the communist period<\/li>\n<li>Attitudes of Czech catholics towards homosexuality<\/li>\n<li>Religiosity of Olomouc Vietnamese<\/li>\n<li>Online atheism<\/li>\n<\/ul>","protected":false},"excerpt":{"rendered":"<p>N\u00e1sleduj\u00edc\u00ed t\u00e9mata je mo\u017eno vyu\u017e\u00edt pro inspiraci: Religiozita sou\u010dasn\u00fdch Ukrajinsk\u00fdch imigrant\u016f ve vybran\u00e9 lokalit\u011b \u010cR Kognitivn\u00ed v\u00fdzkum n\u00e1bo\u017eensk\u00fdch p\u0159edstav mlad\u00e9 generace N\u00e1bo\u017eenstv\u00ed v muzeu Charakter n\u00e1bo\u017eensk\u00fdch pout\u00ed a poutnictv\u00ed v\u00a0sou\u010dasnosti: olomouck\u00fd Svat\u00fd Kope\u010dek Isl\u00e1m a muslimov\u00e9 v\u00a0u\u010debnic\u00edch Z\u0160 po roce 1990 Kognitivn\u00ed v\u00fdzkum ritualizovan\u00e9ho chov\u00e1n\u00ed u nev\u011b\u0159\u00edc\u00edch K\u0159es\u0165anstv\u00ed v \u010desk\u00fdch m\u00e9di\u00edch \u017divot vybran\u00e9 katolick\u00e9 farnosti [&hellip;]<\/p>","protected":false},"author":3,"featured_media":0,"parent":0,"menu_order":0,"comment_status":"closed","ping_status":"closed","template":"template-full-width.php","meta":{"footnotes":""},"_links":{"self":[{"href":"https:\/\/religionistika.upol.cz\/eng\/wp-json\/wp\/v2\/pages\/548"}],"collection":[{"href":"https:\/\/religionistika.upol.cz\/eng\/wp-json\/wp\/v2\/pages"}],"about":[{"href":"https:\/\/religionistika.upol.cz\/eng\/wp-json\/wp\/v2\/types\/page"}],"author":[{"embeddable":true,"href":"https:\/\/religionistika.upol.cz\/eng\/wp-json\/wp\/v2\/users\/3"}],"replies":[{"embeddable":true,"href":"https:\/\/religionistika.upol.cz\/eng\/wp-json\/wp\/v2\/comments?post=548"}],"version-history":[{"count":11,"href":"https:\/\/religionistika.upol.cz\/eng\/wp-json\/wp\/v2\/pages\/548\/revisions"}],"predecessor-version":[{"id":1097,"href":"https:\/\/religionistika.upol.cz\/eng\/wp-json\/wp\/v2\/pages\/548\/revisions\/1097"}],"wp:attachment":[{"href":"https:\/\/religionistika.upol.cz\/eng\/wp-json\/wp\/v2\/media?parent=548"}],"curies":[{"name":"wp","href":"https:\/\/api.w.org\/{rel}","templated":true}]}}