


{"id":326,"date":"2018-01-26T21:13:32","date_gmt":"2018-01-26T20:13:32","guid":{"rendered":"http:\/\/religionistika.kochchy.cz\/?page_id=326"},"modified":"2018-01-30T23:54:25","modified_gmt":"2018-01-30T22:54:25","slug":"2-konference","status":"publish","type":"page","link":"https:\/\/religionistika.upol.cz\/eng\/2-konference\/","title":{"rendered":"2. Konference"},"content":{"rendered":"<p>Ve dnech 20.\u00a0 \u0336 \u00a021. 9. 2017 na\u0161e pracovi\u0161t\u011b organizovalo v po\u0159ad\u00ed konferenci pod n\u00e1zvem <em><strong>Olomouck\u00e1 religionistick\u00e1 konference, 2. ro\u010dn\u00edk<\/strong><\/em>. M\u00edstem kon\u00e1n\u00ed byla Kaple Bo\u017e\u00edho t\u011bla, Um\u011bleck\u00e9 Centrum Univerzity Palack\u00e9ho v Olomouci (Univerzitn\u00ed 3, Olomouc).<\/p>\n<p>&nbsp;<\/p>\n<p><strong>PROGRAM KONFERENCE KE STA\u017dEN\u00cd <a class=\"download\" title=\"Zah\u00e1j\u00ed stahov\u00e1n\u00ed souboru\" href=\"https:\/\/www.ksoc.upol.cz\/fileadmin\/ksa\/konference_religio_2017\/Program_CZ.pdf\">ZDE<\/a><\/strong><\/p>\n<p>&nbsp;<\/p>\n<p>Konference byla rozd\u011blena do dvou hlavn\u00edch tematick\u00fdch sekc\u00ed:<\/p>\n<p><strong>A. Interdisciplin\u00e1rn\u00ed sekce o magii a \u010darod\u011bjnictv\u00ed (20. z\u00e1\u0159\u00ed 2017)<br \/>\n<\/strong><br \/>\nMezin\u00e1rodn\u00ed interdisciplin\u00e1rn\u00ed sekce poskytne prostor pro setk\u00e1n\u00ed v\u011bdc\u016f b\u00e1daj\u00edc\u00edch o \u010darod\u011bjnictv\u00ed, magii, vampyrismu a dal\u0161\u00edch p\u0159\u00edbuzn\u00fdch t\u00e9matech. T\u00e9ma bude pojedn\u00e1no v kontextu jak evropsk\u00e9 historie, tak kulturn\u00ed antropologie zkoumaj\u00edc\u00ed prom\u011bny t\u011bchto tradi\u010dn\u00edch religiozit v sou\u010dasn\u00e9m sv\u011bt\u011b, zvl\u00e1\u0161t\u011b pak v subsaharsk\u00e9 Africe. Akce vyb\u00edz\u00ed k \u00fa\u010dasti odborn\u00edky z oblasti medievalistiky, region\u00e1ln\u00ed historie, soci\u00e1ln\u00ed a kulturn\u00ed antropologie, religionistiky a folkloristiky, kte\u0159\u00ed jsou otev\u0159eni vz\u00e1jemn\u00e9 diskuzi a hled\u00e1n\u00ed ideov\u00fdch paralel nap\u0159\u00ed\u010d v\u011bdn\u00edmi obory, teoretick\u00fdmi p\u0159\u00edstupy a kulturn\u00edmi are\u00e1ly. Sekce je rozd\u011blena do dvou panel\u016f &#8211; historick\u00e9ho panelu s jednac\u00edmi jazyky n\u011bm\u010dinou a \u010de\u0161tinou (simult\u00e1nn\u00ed tlumo\u010den\u00ed zaji\u0161t\u011bno) a antropologick\u00e9ho panelu v anglick\u00e9m jazyce (bez tlumo\u010den\u00ed).<\/p>\n<p>Hlavn\u00ed p\u0159edn\u00e1\u0161ej\u00edc\u00ed historick\u00e9ho panelu: Univ. Doz. Manfred Tschaikner, Universit\u00e4t Wien<\/p>\n<p>Hlavn\u00ed p\u0159edn\u00e1\u0161ej\u00edc\u00ed antropologick\u00e9ho panelu: dr. Isak Niehaus, Brunel University London<\/p>\n<p>&nbsp;<\/p>\n<p><strong>B. V\u0161eobecn\u00e1 religionistick\u00e1 sekce (21.\u00a0 z\u00e1\u0159\u00ed 2017)<br \/>\n<\/strong><br \/>\nC\u00edlem v\u0161eobecn\u00e9 religionistick\u00e9 sekce je podpo\u0159it diskusi badatel\u016f reprezentuj\u00edc\u00edch r\u016fzn\u00e9 p\u0159\u00edstupy v akademick\u00e9m studiu n\u00e1bo\u017eenstv\u00ed. Konference se neomezuje na jednu oborovou discipl\u00ednu, religionistiku ch\u00e1pe jako \u0161irok\u00e9 pole, v n\u011bm\u017e se setk\u00e1vaj\u00ed a vz\u00e1jemn\u011b obohacuj\u00ed badatel\u00e9 a badatelky z r\u016fzn\u00fdch v\u011bdn\u00edch discipl\u00edn, kter\u00e9 spojuje z\u00e1jem o studium n\u00e1bo\u017eenstv\u00ed v jeho r\u016fzn\u00fdch kontextech. Konference umo\u017e\u0148uje prezentovat v\u00fdsledky v\u00fdzkumu t\u00fdkaj\u00edc\u00edch se n\u00e1bo\u017eensk\u00e9 situace v \u010cesk\u00e9 a Slovensk\u00e9 republice, n\u00e1bo\u017eenstv\u00ed a spirituality v sou\u010dasn\u00e9m sv\u011bt\u011b, aktu\u00e1ln\u00edch metodologick\u00fdch p\u0159\u00edstup\u016f v oblasti studia n\u00e1bo\u017eenstv\u00ed, kritick\u00e9 reflexe d\u011bjin religionistick\u00e9ho b\u00e1d\u00e1n\u00ed. Jednac\u00edm jazykem religionistick\u00e9 sekce je \u010de\u0161tina a angli\u010dtina (bez tlumo\u010den\u00ed).<br \/>\n<strong><br \/>\n<\/strong>Hlavn\u00ed p\u0159edn\u00e1\u0161ej\u00edc\u00ed: prof. Milan Kov\u00e1\u010d, Univerzita Komensk\u00e9ho v Bratislav\u011b<\/p>\n<p>Hlavn\u00ed p\u0159edn\u00e1\u0161ej\u00edc\u00ed: prof. Josef Kandert, Karlova Univerzita v Praze<\/p>\n<p>&nbsp;<\/p>","protected":false},"excerpt":{"rendered":"<p>Ve dnech 20.\u00a0 \u0336 \u00a021. 9. 2017 na\u0161e pracovi\u0161t\u011b organizovalo v po\u0159ad\u00ed konferenci pod n\u00e1zvem Olomouck\u00e1 religionistick\u00e1 konference, 2. ro\u010dn\u00edk. M\u00edstem kon\u00e1n\u00ed byla Kaple Bo\u017e\u00edho t\u011bla, Um\u011bleck\u00e9 Centrum Univerzity Palack\u00e9ho v Olomouci (Univerzitn\u00ed 3, Olomouc). &nbsp; PROGRAM KONFERENCE KE STA\u017dEN\u00cd ZDE &nbsp; Konference byla rozd\u011blena do dvou hlavn\u00edch tematick\u00fdch sekc\u00ed: A. Interdisciplin\u00e1rn\u00ed sekce o magii [&hellip;]<\/p>","protected":false},"author":3,"featured_media":0,"parent":0,"menu_order":0,"comment_status":"closed","ping_status":"closed","template":"template-full-width.php","meta":{"footnotes":""},"_links":{"self":[{"href":"https:\/\/religionistika.upol.cz\/eng\/wp-json\/wp\/v2\/pages\/326"}],"collection":[{"href":"https:\/\/religionistika.upol.cz\/eng\/wp-json\/wp\/v2\/pages"}],"about":[{"href":"https:\/\/religionistika.upol.cz\/eng\/wp-json\/wp\/v2\/types\/page"}],"author":[{"embeddable":true,"href":"https:\/\/religionistika.upol.cz\/eng\/wp-json\/wp\/v2\/users\/3"}],"replies":[{"embeddable":true,"href":"https:\/\/religionistika.upol.cz\/eng\/wp-json\/wp\/v2\/comments?post=326"}],"version-history":[{"count":9,"href":"https:\/\/religionistika.upol.cz\/eng\/wp-json\/wp\/v2\/pages\/326\/revisions"}],"predecessor-version":[{"id":503,"href":"https:\/\/religionistika.upol.cz\/eng\/wp-json\/wp\/v2\/pages\/326\/revisions\/503"}],"wp:attachment":[{"href":"https:\/\/religionistika.upol.cz\/eng\/wp-json\/wp\/v2\/media?parent=326"}],"curies":[{"name":"wp","href":"https:\/\/api.w.org\/{rel}","templated":true}]}}