


{"id":324,"date":"2018-01-26T21:13:26","date_gmt":"2018-01-26T20:13:26","guid":{"rendered":"http:\/\/religionistika.kochchy.cz\/?page_id=324"},"modified":"2018-01-30T23:50:37","modified_gmt":"2018-01-30T22:50:37","slug":"1-konference","status":"publish","type":"page","link":"https:\/\/religionistika.upol.cz\/eng\/1-konference\/","title":{"rendered":"1. Konference"},"content":{"rendered":"<div class=\"csc-header csc-header-n1\">\n<div class=\"csc-header csc-header-n1\">\u00a0Ve dnech\u00a0 6. &#8211; 7. 10. 2016\u00a0 na\u0161e pracovi\u0161t\u011b organizovalo v po\u0159ad\u00ed 1. religionistickou konferenci pod n\u00e1zvem <em><strong>N\u00e1bo\u017eenstv\u00ed a spiritualita z pohledu sou\u010dasn\u00e9 religionistiky<\/strong><\/em>. Uskute\u010dnila v prostor\u00e1ch Katedry sociologie, andragogiky a kulturn\u00ed antropologie FF UP, t\u0159\u00edda Svobody 26, Olomouc<\/div>\n<\/div>\n<p>&nbsp;<\/p>\n<p><strong>PROGRAM KONFERENCE JE DOSTUPN\u00dd<\/strong>\u00a0\u00a0<strong><a class=\"download\" title=\"Zah\u00e1j\u00ed stahov\u00e1n\u00ed souboru\" href=\"https:\/\/www.ksoc.upol.cz\/fileadmin\/ksa\/konference_religionistika_2016\/PROGRAM_ABSTRAKTY.pdf\" target=\"_blank\" rel=\"noopener\">ZDE<\/a><\/strong>.<\/p>\n<p>&nbsp;<\/p>\n<div class=\"csc-header csc-header-n1\">\n<div class=\"csc-textpic csc-textpic-intext-left\">\n<div class=\"csc-textpic-text\">\n<p><strong>Konference byla rozd\u011blena do \u010dty\u0159 \u010d\u00e1st\u00ed:\u00a0<\/strong><\/p>\n<p><strong>Tematick\u00e1 \u010d\u00e1st:<\/strong> umo\u017e\u0148ovala prezentovat v\u00fdsledky v\u00fdzkumu v podob\u011b konferen\u010dn\u00edho p\u0159\u00edsp\u011bvku v n\u00e1sleduj\u00edc\u00edch oblastech: n\u00e1bo\u017eensk\u00e1 situace v \u010cesk\u00e9 a Slovensk\u00e9 republice; n\u00e1bo\u017eenstv\u00ed a spiritualita v sou\u010dasn\u00e9m sv\u011bt\u011b; aktu\u00e1ln\u00ed metodologick\u00e9 p\u0159\u00edstupy v oblasti studia n\u00e1bo\u017eenstv\u00ed; kritick\u00e1 reflexe d\u011bjin religionistick\u00e9ho b\u00e1d\u00e1n\u00ed.<\/p>\n<p><strong>Otev\u0159en\u00e1 \u010d\u00e1st:<\/strong> umo\u017e\u0148ovala prezentovat konferen\u010dn\u00ed p\u0159\u00edsp\u011bvky na jak\u00e9koli odborn\u00e9 t\u00e9ma.<\/p>\n<p><strong>Diskusn\u00ed \u010d\u00e1st:<\/strong> v r\u00e1mci kulat\u00e9ho stolu byli pozvan\u00ed odborn\u00edci k diskusi o povaze bezv\u011brectv\u00ed a ateizmu v modern\u00ed spole\u010dnosti.<\/p>\n<p><strong>Studentsk\u00e1 \u010d\u00e1st:<\/strong> pro studenty bakal\u00e1\u0159sk\u00e9ho, magistersk\u00e9ho a doktorsk\u00e9ho studia r\u016fzn\u00fdch obor\u016f.<\/p>\n<\/div>\n<\/div>\n<\/div>","protected":false},"excerpt":{"rendered":"<p>\u00a0Ve dnech\u00a0 6. &#8211; 7. 10. 2016\u00a0 na\u0161e pracovi\u0161t\u011b organizovalo v po\u0159ad\u00ed 1. religionistickou konferenci pod n\u00e1zvem N\u00e1bo\u017eenstv\u00ed a spiritualita z pohledu sou\u010dasn\u00e9 religionistiky. Uskute\u010dnila v prostor\u00e1ch Katedry sociologie, andragogiky a kulturn\u00ed antropologie FF UP, t\u0159\u00edda Svobody 26, Olomouc &nbsp; PROGRAM KONFERENCE JE DOSTUPN\u00dd\u00a0\u00a0ZDE. &nbsp; Konference byla rozd\u011blena do \u010dty\u0159 \u010d\u00e1st\u00ed:\u00a0 Tematick\u00e1 \u010d\u00e1st: umo\u017e\u0148ovala prezentovat [&hellip;]<\/p>","protected":false},"author":3,"featured_media":0,"parent":0,"menu_order":0,"comment_status":"closed","ping_status":"closed","template":"template-full-width.php","meta":{"footnotes":""},"_links":{"self":[{"href":"https:\/\/religionistika.upol.cz\/eng\/wp-json\/wp\/v2\/pages\/324"}],"collection":[{"href":"https:\/\/religionistika.upol.cz\/eng\/wp-json\/wp\/v2\/pages"}],"about":[{"href":"https:\/\/religionistika.upol.cz\/eng\/wp-json\/wp\/v2\/types\/page"}],"author":[{"embeddable":true,"href":"https:\/\/religionistika.upol.cz\/eng\/wp-json\/wp\/v2\/users\/3"}],"replies":[{"embeddable":true,"href":"https:\/\/religionistika.upol.cz\/eng\/wp-json\/wp\/v2\/comments?post=324"}],"version-history":[{"count":7,"href":"https:\/\/religionistika.upol.cz\/eng\/wp-json\/wp\/v2\/pages\/324\/revisions"}],"predecessor-version":[{"id":501,"href":"https:\/\/religionistika.upol.cz\/eng\/wp-json\/wp\/v2\/pages\/324\/revisions\/501"}],"wp:attachment":[{"href":"https:\/\/religionistika.upol.cz\/eng\/wp-json\/wp\/v2\/media?parent=324"}],"curies":[{"name":"wp","href":"https:\/\/api.w.org\/{rel}","templated":true}]}}