


{"id":320,"date":"2018-01-26T21:11:41","date_gmt":"2018-01-26T20:11:41","guid":{"rendered":"http:\/\/religionistika.kochchy.cz\/?page_id=320"},"modified":"2024-01-11T11:57:24","modified_gmt":"2024-01-11T10:57:24","slug":"charakter-studia","status":"publish","type":"page","link":"https:\/\/religionistika.upol.cz\/eng\/charakter-studia\/","title":{"rendered":"For applicants"},"content":{"rendered":"<p><strong>The Bachelor's degree in Religious Studies is a double major\/minor in the full-time form of study and and it can only be studied in Czech.<\/strong><\/p>\n<p>In Olomouc, Religious Studies is studied as a double degree, i.e. in combination with various fields of study at the faculty. It is even possible to study it in combination with a subject offered by another faculty of the university. However, in view of the double-disciplinary concept of this study, we recommend combining it either with a language or with cultural anthropology, sociology, philosophy, history, Judaic studies or according to your own preferences. The supervisor of the study is Mgr. Silvie Kotherov\u00e1, Ph.D., who can be contacted with further questions.<\/p>\n<p><strong>Contact: <\/strong>silvie. kotherova@upol.cz<\/p>\n<p><strong>All important information about the nature of the field and the admission procedure can be found here:<\/strong> <a href=\"https:\/\/newstudujreligionistiku.upol.cz\/\">https:\/\/newstudujreligionistiku.upol.cz\/<\/a><\/p>\n<p><strong>ELECTRONIC APPLICATION FOR STUDY:<\/strong> <a href=\"https:\/\/prihlaska.upol.cz\/prihlaska\/info.xhtml\">https:\/\/prihlaska.upol.cz\/prihlaska\/info.xhtml<\/a><\/p>\n<p><!--more--><\/p>","protected":false},"excerpt":{"rendered":"<p>Bakal\u00e1\u0159sk\u00e9 studium religionistiky je dvouoborov\u00e9 maior \/ minor v\u00a0prezen\u010dn\u00ed form\u011b. V Olomouci se studuje religionistika dvouoborov\u011b, tedy v kombinaci s r\u016fzn\u00fdmi obory na fakult\u011b. Dokonce je mo\u017en\u00e9 ji studovat i v kombinaci s oborem, kter\u00fd je nab\u00edzen jinou fakultou univerzity. S ohledem na dvouoborovou koncepci v\u0161ak doporu\u010dujeme kombinaci bu\u010f s n\u011bjak\u00fdm jazykem anebo s kulturn\u00ed [&hellip;]<\/p>","protected":false},"author":3,"featured_media":0,"parent":0,"menu_order":0,"comment_status":"closed","ping_status":"closed","template":"template-full-width.php","meta":{"footnotes":""},"_links":{"self":[{"href":"https:\/\/religionistika.upol.cz\/eng\/wp-json\/wp\/v2\/pages\/320"}],"collection":[{"href":"https:\/\/religionistika.upol.cz\/eng\/wp-json\/wp\/v2\/pages"}],"about":[{"href":"https:\/\/religionistika.upol.cz\/eng\/wp-json\/wp\/v2\/types\/page"}],"author":[{"embeddable":true,"href":"https:\/\/religionistika.upol.cz\/eng\/wp-json\/wp\/v2\/users\/3"}],"replies":[{"embeddable":true,"href":"https:\/\/religionistika.upol.cz\/eng\/wp-json\/wp\/v2\/comments?post=320"}],"version-history":[{"count":18,"href":"https:\/\/religionistika.upol.cz\/eng\/wp-json\/wp\/v2\/pages\/320\/revisions"}],"predecessor-version":[{"id":1092,"href":"https:\/\/religionistika.upol.cz\/eng\/wp-json\/wp\/v2\/pages\/320\/revisions\/1092"}],"wp:attachment":[{"href":"https:\/\/religionistika.upol.cz\/eng\/wp-json\/wp\/v2\/media?parent=320"}],"curies":[{"name":"wp","href":"https:\/\/api.w.org\/{rel}","templated":true}]}}