


{"id":298,"date":"2018-01-20T17:32:50","date_gmt":"2018-01-20T16:32:50","guid":{"rendered":"http:\/\/religionistika.kochchy.cz\/?page_id=298"},"modified":"2024-01-11T17:40:21","modified_gmt":"2024-01-11T16:40:21","slug":"doktorske-studium","status":"publish","type":"page","link":"https:\/\/religionistika.upol.cz\/eng\/doktorske-studium\/","title":{"rendered":"Doctoral studies"},"content":{"rendered":"<p><strong>The Doctorate in Religious Studies is studied at our faculty as a four-year study in full-time or combined form.<\/strong><\/p>\n<p>In Olomouc we focus on research areas that relate to the sociology of religion, anthropology of religion and cognitive science of religion. Candidates can apply for the PhD programme on the basis of an application form, which includes the submission of a dissertation project to be presented before the admissions committee. The dissertation project is required to include the title of the research topic, an outline of the issue under investigation, the state of research to date, the theoretical grasp of the topic, methodology, and a literature search.<\/p>\n<p>One of the strengths of our religious studies program is that it provides excellent facilities for PhD students in the form of a cognitive laboratory where, in addition to the PhD students' own research, we conduct collaborative experimental research in the field of religious thinking and behaviour. We also use some modern technologies for this purpose (see the \"Laboratory\" webpage). The laboratory also includes a reference library, a room for PhD students and a kitchen. Doctoral seminars are held regularly every week on Thursdays in a friendly and creative atmosphere.<\/p>\n<p>The supervisor of the study is Assoc. prof. Tom\u00e1\u0161 Bub\u00edk, PhD, who can be contacted with further questions, including consultation of the dissertation topic and the detailed form of the project. Contact: <strong>tomas.bubik@upol.cz <\/strong><\/p>\n<p><strong>Important information about the character of doctoral studies can be found here:<\/strong> <a href=\"https:\/\/newstudujreligionistiku.upol.cz\/phd\/\"><strong>https:\/\/newstudujreligionistiku.upol.cz\/phd\/<\/strong><\/a><\/p>\n<p><strong>ELECTRONIC APPLICATION FOR STUDY: <a href=\"https:\/\/prihlaska.upol.cz\/prihlaska\/info.xhtml\">https:\/\/prihlaska.upol.cz\/prihlaska\/info.xhtml<\/a><\/strong><\/p>\n<p><strong>\u00a0<\/strong><\/p>\n<p><strong>\u00a0<\/strong><\/p>","protected":false},"excerpt":{"rendered":"<p>Doktor\u00e1t z religionistiky se na FF UPOL studuje jako \u010dty\u0159let\u00e9 studium v prezen\u010dn\u00ed \u010di kombinovan\u00e9 form\u011b. V Olomouci se zam\u011b\u0159uje na oblasti v\u00fdzkumu, kter\u00e9 spadaj\u00ed do sociologie n\u00e1bo\u017eenstv\u00ed, antropologie n\u00e1bo\u017eenstv\u00ed a kognitivn\u00ed v\u011bdy o n\u00e1bo\u017eenstv\u00ed. Na doktorsk\u00e9 studium se mohou hl\u00e1sit uchaze\u010di na z\u00e1klad\u011b p\u0159ihl\u00e1\u0161ky, jej\u00ed\u017e sou\u010d\u00e1st\u00ed je p\u0159edlo\u017een\u00ed projektu dizerta\u010dn\u00ed pr\u00e1ce, kter\u00fd prezentuj\u00ed p\u0159ed [&hellip;]<\/p>","protected":false},"author":3,"featured_media":0,"parent":0,"menu_order":0,"comment_status":"closed","ping_status":"closed","template":"template-full-width.php","meta":{"footnotes":""},"_links":{"self":[{"href":"https:\/\/religionistika.upol.cz\/eng\/wp-json\/wp\/v2\/pages\/298"}],"collection":[{"href":"https:\/\/religionistika.upol.cz\/eng\/wp-json\/wp\/v2\/pages"}],"about":[{"href":"https:\/\/religionistika.upol.cz\/eng\/wp-json\/wp\/v2\/types\/page"}],"author":[{"embeddable":true,"href":"https:\/\/religionistika.upol.cz\/eng\/wp-json\/wp\/v2\/users\/3"}],"replies":[{"embeddable":true,"href":"https:\/\/religionistika.upol.cz\/eng\/wp-json\/wp\/v2\/comments?post=298"}],"version-history":[{"count":18,"href":"https:\/\/religionistika.upol.cz\/eng\/wp-json\/wp\/v2\/pages\/298\/revisions"}],"predecessor-version":[{"id":1110,"href":"https:\/\/religionistika.upol.cz\/eng\/wp-json\/wp\/v2\/pages\/298\/revisions\/1110"}],"wp:attachment":[{"href":"https:\/\/religionistika.upol.cz\/eng\/wp-json\/wp\/v2\/media?parent=298"}],"curies":[{"name":"wp","href":"https:\/\/api.w.org\/{rel}","templated":true}]}}