


{"id":25,"date":"2017-11-06T13:35:53","date_gmt":"2017-11-06T12:35:53","guid":{"rendered":"http:\/\/religionistika.kochchy.cz\/?page_id=25"},"modified":"2024-01-12T23:18:54","modified_gmt":"2024-01-12T22:18:54","slug":"uvodni-stranka","status":"publish","type":"page","link":"https:\/\/religionistika.upol.cz\/eng\/","title":{"rendered":"Home"},"content":{"rendered":"<p>Religious Studies as an academic discipline was established at the Faculty of Arts of Palack\u00fd University in Olomouc in 2016 and is provided by the teachers of the Department of Sociology, Andragogy and Cultural Anthropology. At present, this field of study is available at the Bachelor's (B.A.), Master's (M.A.) and Doctoral (Ph.D.) levels.<\/p>\n<p>Religious studies in Olomouc deals mainly with cognitive research on religion, the study of atheism and irreligion and contemporary forms of religiosity.<\/p>\n<p>A number of research activities are carried out in the cognitive laboratory CO-LAB, which is equipped with special technologies such as eye-tracking (measurement of eye movement activity), MOCAP (measurement of body movement activity), virtual reality combined with eye-tracking (measurement of eye acuity in a virtual environment), EEG (measurement of brain activity).<\/p>\n<p>Please watch a short promotional video (unfortunately only in Czech) about Religious Studies in Olomouc and also about our cognitive laboratory called CO-LAB:<\/p>\n<p><iframe loading=\"lazy\" title=\"YouTube video player\" src=\"https:\/\/www.youtube.com\/embed\/XzX7SSifhmI?si=zVokrTBKYVf9WYWi\" width=\"560\" height=\"315\" frameborder=\"0\" allowfullscreen=\"allowfullscreen\"><\/iframe><\/p>","protected":false},"excerpt":{"rendered":"<p>Religionistika jako akademick\u00fd obor byla na Filozofick\u00e9 fakult\u011b Univerzity Palack\u00e9ho v Olomouci zalo\u017een\u00e1 v roce 2016 a je zaji\u0161\u0165ov\u00e1na vyu\u010duj\u00edc\u00edmi katedry sociologie, andragogiky a kulturn\u00ed antropologie. V sou\u010dasnosti lze v tomto oboru studovat bakal\u00e1\u0159sk\u00e9 (Bc.), magistersk\u00e9 (Mgr.) a doktorsk\u00e9 studium (Ph.D.). V Olomouci se zab\u00fdv\u00e1me zejm\u00e9na experiment\u00e1ln\u00edm v\u00fdzkumem n\u00e1bo\u017eenstv\u00ed, problematikou ateizmu a bezv\u011brectv\u00ed a studiem [&hellip;]<\/p>","protected":false},"author":3,"featured_media":0,"parent":0,"menu_order":0,"comment_status":"closed","ping_status":"closed","template":"template-full-width.php","meta":{"footnotes":""},"_links":{"self":[{"href":"https:\/\/religionistika.upol.cz\/eng\/wp-json\/wp\/v2\/pages\/25"}],"collection":[{"href":"https:\/\/religionistika.upol.cz\/eng\/wp-json\/wp\/v2\/pages"}],"about":[{"href":"https:\/\/religionistika.upol.cz\/eng\/wp-json\/wp\/v2\/types\/page"}],"author":[{"embeddable":true,"href":"https:\/\/religionistika.upol.cz\/eng\/wp-json\/wp\/v2\/users\/3"}],"replies":[{"embeddable":true,"href":"https:\/\/religionistika.upol.cz\/eng\/wp-json\/wp\/v2\/comments?post=25"}],"version-history":[{"count":39,"href":"https:\/\/religionistika.upol.cz\/eng\/wp-json\/wp\/v2\/pages\/25\/revisions"}],"predecessor-version":[{"id":1152,"href":"https:\/\/religionistika.upol.cz\/eng\/wp-json\/wp\/v2\/pages\/25\/revisions\/1152"}],"wp:attachment":[{"href":"https:\/\/religionistika.upol.cz\/eng\/wp-json\/wp\/v2\/media?parent=25"}],"curies":[{"name":"wp","href":"https:\/\/api.w.org\/{rel}","templated":true}]}}